{"id":15,"date":"2019-12-14T14:22:54","date_gmt":"2019-12-14T14:22:54","guid":{"rendered":"http:\/\/modelleisenbahn-treff-greven.de\/?page_id=15"},"modified":"2019-12-15T16:58:28","modified_gmt":"2019-12-15T16:58:28","slug":"modulbau","status":"publish","type":"page","link":"https:\/\/modelleisenbahn-treff-greven.de\/?page_id=15","title":{"rendered":"Modulbau"},"content":{"rendered":"\n<p>Im Oktober 2016 wurde mit dem Bau einer neuen Modulanlage begonnen, nachdem die  erste Modulanlage einem Starkregen-Unwetter zum Opfer fiel. Viele Treffen wurden abgehalten, ehe man sich \u00fcber die Gr\u00f6\u00dfe der neuen Anlage und der Steuerung einig war. Die ersten vier zusammengeh\u00f6rigen Module bilden den neuen Bahnhof. Bei einer Gesamtl\u00e4nge von vier Metern entschied man sich f\u00fcr die optisch schlankeren Weichen.<\/p>\n\n\n\n<figure class=\"wp-block-image size-large\"><img fetchpriority=\"high\" decoding=\"async\" width=\"1024\" height=\"768\" src=\"http:\/\/modelleisenbahn-treff-greven.de\/wp-content\/uploads\/2019\/12\/442c40dd-b509-425b-86ee-7599d6de2347-1024x768.jpg\" alt=\"Bahnhofsmodule\" class=\"wp-image-130\" srcset=\"https:\/\/modelleisenbahn-treff-greven.de\/wp-content\/uploads\/2019\/12\/442c40dd-b509-425b-86ee-7599d6de2347-1024x768.jpg 1024w, https:\/\/modelleisenbahn-treff-greven.de\/wp-content\/uploads\/2019\/12\/442c40dd-b509-425b-86ee-7599d6de2347-300x225.jpg 300w, https:\/\/modelleisenbahn-treff-greven.de\/wp-content\/uploads\/2019\/12\/442c40dd-b509-425b-86ee-7599d6de2347-768x576.jpg 768w, https:\/\/modelleisenbahn-treff-greven.de\/wp-content\/uploads\/2019\/12\/442c40dd-b509-425b-86ee-7599d6de2347-400x300.jpg 400w, https:\/\/modelleisenbahn-treff-greven.de\/wp-content\/uploads\/2019\/12\/442c40dd-b509-425b-86ee-7599d6de2347.jpg 1280w\" sizes=\"(max-width: 1024px) 100vw, 1024px\" \/><\/figure>\n\n\n\n<figure class=\"wp-block-image size-large\"><img decoding=\"async\" width=\"1024\" height=\"576\" src=\"http:\/\/modelleisenbahn-treff-greven.de\/wp-content\/uploads\/2019\/12\/4156b4e2-5f3d-4500-a38e-c5fcaffeee8a-1-1024x576.jpg\" alt=\"Bahnhofsmodule\" class=\"wp-image-135\" srcset=\"https:\/\/modelleisenbahn-treff-greven.de\/wp-content\/uploads\/2019\/12\/4156b4e2-5f3d-4500-a38e-c5fcaffeee8a-1-1024x576.jpg 1024w, https:\/\/modelleisenbahn-treff-greven.de\/wp-content\/uploads\/2019\/12\/4156b4e2-5f3d-4500-a38e-c5fcaffeee8a-1-300x169.jpg 300w, https:\/\/modelleisenbahn-treff-greven.de\/wp-content\/uploads\/2019\/12\/4156b4e2-5f3d-4500-a38e-c5fcaffeee8a-1-768x432.jpg 768w, https:\/\/modelleisenbahn-treff-greven.de\/wp-content\/uploads\/2019\/12\/4156b4e2-5f3d-4500-a38e-c5fcaffeee8a-1-500x281.jpg 500w, https:\/\/modelleisenbahn-treff-greven.de\/wp-content\/uploads\/2019\/12\/4156b4e2-5f3d-4500-a38e-c5fcaffeee8a-1.jpg 1280w\" sizes=\"(max-width: 1024px) 100vw, 1024px\" \/><\/figure>\n\n\n\n<p>Im zweiten Bauabschnitt folgten die  Wendemodule, mit 2 Meter und 3 Meter L\u00e4nge. Hier besteht auch die M\u00f6glichkeit insgesamt 12 Zuggarnituren zu parken.<\/p>\n\n\n\n<p><\/p>\n\n\n\n<figure class=\"wp-block-image size-large\"><img decoding=\"async\" width=\"963\" height=\"465\" src=\"http:\/\/modelleisenbahn-treff-greven.de\/wp-content\/uploads\/2019\/12\/624d8177-ac07-42d8-a80d-c71eab9fabc8.jpg\" alt=\"Abstellbereich gro\u00df\" class=\"wp-image-134\" srcset=\"https:\/\/modelleisenbahn-treff-greven.de\/wp-content\/uploads\/2019\/12\/624d8177-ac07-42d8-a80d-c71eab9fabc8.jpg 963w, https:\/\/modelleisenbahn-treff-greven.de\/wp-content\/uploads\/2019\/12\/624d8177-ac07-42d8-a80d-c71eab9fabc8-300x145.jpg 300w, https:\/\/modelleisenbahn-treff-greven.de\/wp-content\/uploads\/2019\/12\/624d8177-ac07-42d8-a80d-c71eab9fabc8-768x371.jpg 768w, https:\/\/modelleisenbahn-treff-greven.de\/wp-content\/uploads\/2019\/12\/624d8177-ac07-42d8-a80d-c71eab9fabc8-500x241.jpg 500w\" sizes=\"(max-width: 963px) 100vw, 963px\" \/><\/figure>\n\n\n\n<div class=\"wp-block-image\"><figure class=\"aligncenter size-large\"><img loading=\"lazy\" decoding=\"async\" width=\"335\" height=\"480\" src=\"http:\/\/modelleisenbahn-treff-greven.de\/wp-content\/uploads\/2019\/12\/4eaa736a-7c52-4d65-a98b-ff8b248f77f2.jpg\" alt=\"Abstellbereich klein\" class=\"wp-image-120\" srcset=\"https:\/\/modelleisenbahn-treff-greven.de\/wp-content\/uploads\/2019\/12\/4eaa736a-7c52-4d65-a98b-ff8b248f77f2.jpg 335w, https:\/\/modelleisenbahn-treff-greven.de\/wp-content\/uploads\/2019\/12\/4eaa736a-7c52-4d65-a98b-ff8b248f77f2-209x300.jpg 209w\" sizes=\"(max-width: 335px) 100vw, 335px\" \/><\/figure><\/div>\n","protected":false},"excerpt":{"rendered":"<p>Im Oktober 2016 wurde mit dem Bau einer neuen Modulanlage begonnen, nachdem die erste Modulanlage einem Starkregen-Unwetter zum Opfer fiel. Viele Treffen wurden abgehalten, ehe man sich \u00fcber die Gr\u00f6\u00dfe der neuen Anlage und der Steuerung einig war. Die ersten &hellip; <a href=\"https:\/\/modelleisenbahn-treff-greven.de\/?page_id=15\">Weiterlesen <span class=\"meta-nav\">&rarr;<\/span><\/a><\/p>\n","protected":false},"author":1,"featured_media":0,"parent":0,"menu_order":0,"comment_status":"closed","ping_status":"closed","template":"","meta":{"footnotes":""},"class_list":["post-15","page","type-page","status-publish","hentry"],"_links":{"self":[{"href":"https:\/\/modelleisenbahn-treff-greven.de\/index.php?rest_route=\/wp\/v2\/pages\/15","targetHints":{"allow":["GET"]}}],"collection":[{"href":"https:\/\/modelleisenbahn-treff-greven.de\/index.php?rest_route=\/wp\/v2\/pages"}],"about":[{"href":"https:\/\/modelleisenbahn-treff-greven.de\/index.php?rest_route=\/wp\/v2\/types\/page"}],"author":[{"embeddable":true,"href":"https:\/\/modelleisenbahn-treff-greven.de\/index.php?rest_route=\/wp\/v2\/users\/1"}],"replies":[{"embeddable":true,"href":"https:\/\/modelleisenbahn-treff-greven.de\/index.php?rest_route=%2Fwp%2Fv2%2Fcomments&post=15"}],"version-history":[{"count":5,"href":"https:\/\/modelleisenbahn-treff-greven.de\/index.php?rest_route=\/wp\/v2\/pages\/15\/revisions"}],"predecessor-version":[{"id":148,"href":"https:\/\/modelleisenbahn-treff-greven.de\/index.php?rest_route=\/wp\/v2\/pages\/15\/revisions\/148"}],"wp:attachment":[{"href":"https:\/\/modelleisenbahn-treff-greven.de\/index.php?rest_route=%2Fwp%2Fv2%2Fmedia&parent=15"}],"curies":[{"name":"wp","href":"https:\/\/api.w.org\/{rel}","templated":true}]}}