{"id":32,"date":"2019-12-14T14:39:37","date_gmt":"2019-12-14T14:39:37","guid":{"rendered":"http:\/\/modelleisenbahn-treff-greven.de\/?page_id=32"},"modified":"2025-08-08T10:07:03","modified_gmt":"2025-08-08T10:07:03","slug":"startseite","status":"publish","type":"page","link":"https:\/\/modelleisenbahn-treff-greven.de\/","title":{"rendered":"Startseite"},"content":{"rendered":"\n<figure class=\"wp-block-image size-large is-resized\"><img decoding=\"async\" width=\"296\" height=\"62\" src=\"https:\/\/modelleisenbahn-treff-greven.de\/wp-content\/uploads\/2019\/12\/lok_s_3_6-1.jpg\" alt=\"\" class=\"wp-image-205\" style=\"width:484px;height:106px\"\/><\/figure>\n\n\n\n<p class=\"has-medium-font-size\"><strong>Der Modelleisenbahn-Treff-Greven i.W. stellt sich vor<\/strong><\/p>\n\n\n\n<p style=\"font-size:15px\">Die Gr\u00fcndung einer Interessengemeinschaft begann bereits im Jahr 1998. Die Idee war eine Vereinigung interessierter Modelleisenbahner zu gr\u00fcnden, welche sich in einer \u201cLockeren Runde\u201d ohne feste Regularien einmal im Monat, von Januar bis April und September bis Dezember zusammenfindet. Dieses Zusammentreffen in Form eines Stammtisches findet jeweils am 1.Donnerstag des Monats in Greven statt. Bei den Versammlungen geht es in erster Linie um einen lockeren Erfahrungsaustausch. Alle unsere Mitglieder teilen die Leidenschaft Modelleisenbahn. Dabei ist es egal, welche Spurweite und Gr\u00f6\u00dfe die Eisenbahnanlage besitzt. Bei uns ist jeder willkommen der nur irgendetwas mit Eisenbahn oder Modelleisenbahn zu tun hat, oder sich daf\u00fcr interessiert.<\/p>\n\n\n\n<div class=\"wp-block-group\"><div class=\"wp-block-group__inner-container is-layout-flow wp-block-group-is-layout-flow\">\n<div class=\"wp-block-group\"><div class=\"wp-block-group__inner-container is-layout-flow wp-block-group-is-layout-flow\">\n<div class=\"wp-block-media-text alignwide is-stacked-on-mobile\" style=\"grid-template-columns:21% auto\"><figure class=\"wp-block-media-text__media\"><img decoding=\"async\" width=\"131\" height=\"227\" src=\"https:\/\/modelleisenbahn-treff-greven.de\/wp-content\/uploads\/2019\/12\/karl_klein.gif\" alt=\"\" class=\"wp-image-61 size-full\"\/><\/figure><div class=\"wp-block-media-text__content\">\n<p style=\"font-size:15px\">Selbstverst\u00e4ndlich verf\u00fcgt die Interessengemeinschaft auch \u00fcber ein Maskottchen. Es ist der \u201cK\u00f6niglich W\u00fcrtembg. Oberzugmeister Karl\u201d. Er ist 22 cm gro\u00df und blond aus feinstem Mohair und steht auf einem sch\u00f6nen Holzsockel, das Logo des Modelleisenbahn-Treff-Greven liegt ihm zu F\u00fc\u00dfen.  <\/p>\n<\/div><\/div>\n<\/div><\/div>\n<\/div><\/div>\n\n\n\n<p style=\"font-size:15px\">Nicht nur um den Stammtisch und den Erfahrungsaustausch geht es in erster Linie bei den Treffen. So werden auch die Modellbahnanlagen der einzelnen Mitglieder besichtigt und dabei gibt es auch Anregungen f\u00fcr die Hobbymodellbahner. Des weiteren werden gemeinsame Fahrten und andere Aktivit\u00e4ten durchgef\u00fchrt. So haben bisher, seit der Gr\u00fcndung im Jahr 1999, Besichtigungen und andere Veranstaltungen stattgefunden. Im Januar 2004 wurde eine eigene Modulbau-Abteilung gegr\u00fcndet. Unsere erste Anlage entstand in Modulbauweise und fiel dem Hochwasser am 28.Juli 2014 zum Opfer. Die zerst\u00f6rte Anlage hatte \u00fcber 10 Jahre Kosten in H\u00f6he von rund 30.000 Euro verschlungen. Im Jahr 2016 fassten die Modulbauer den Entschluss eine neue Anlage zu bauen. Nach vielen Besprechungen fiel im Oktober 2016 der Startschuss und die ersten vier Bahnhofsmodule wurden in Angriff genommen. Mittlerweile wurden \u00fcber 20 Modulteile fertiggstellt, sodass viele Varianten des Aufbaus m\u00f6glich sind.<\/p>\n","protected":false},"excerpt":{"rendered":"<p>Der Modelleisenbahn-Treff-Greven i.W. stellt sich vor Die Gr\u00fcndung einer Interessengemeinschaft begann bereits im Jahr 1998. Die Idee war eine Vereinigung interessierter Modelleisenbahner zu gr\u00fcnden, welche sich in einer \u201cLockeren Runde\u201d ohne feste Regularien einmal im Monat, von Januar bis April &hellip; <a href=\"https:\/\/modelleisenbahn-treff-greven.de\/\">Weiterlesen <span class=\"meta-nav\">&rarr;<\/span><\/a><\/p>\n","protected":false},"author":1,"featured_media":0,"parent":0,"menu_order":0,"comment_status":"closed","ping_status":"closed","template":"","meta":{"footnotes":""},"class_list":["post-32","page","type-page","status-publish","hentry"],"_links":{"self":[{"href":"https:\/\/modelleisenbahn-treff-greven.de\/index.php?rest_route=\/wp\/v2\/pages\/32","targetHints":{"allow":["GET"]}}],"collection":[{"href":"https:\/\/modelleisenbahn-treff-greven.de\/index.php?rest_route=\/wp\/v2\/pages"}],"about":[{"href":"https:\/\/modelleisenbahn-treff-greven.de\/index.php?rest_route=\/wp\/v2\/types\/page"}],"author":[{"embeddable":true,"href":"https:\/\/modelleisenbahn-treff-greven.de\/index.php?rest_route=\/wp\/v2\/users\/1"}],"replies":[{"embeddable":true,"href":"https:\/\/modelleisenbahn-treff-greven.de\/index.php?rest_route=%2Fwp%2Fv2%2Fcomments&post=32"}],"version-history":[{"count":19,"href":"https:\/\/modelleisenbahn-treff-greven.de\/index.php?rest_route=\/wp\/v2\/pages\/32\/revisions"}],"predecessor-version":[{"id":252,"href":"https:\/\/modelleisenbahn-treff-greven.de\/index.php?rest_route=\/wp\/v2\/pages\/32\/revisions\/252"}],"wp:attachment":[{"href":"https:\/\/modelleisenbahn-treff-greven.de\/index.php?rest_route=%2Fwp%2Fv2%2Fmedia&parent=32"}],"curies":[{"name":"wp","href":"https:\/\/api.w.org\/{rel}","templated":true}]}}